{"id":2,"date":"2026-03-15T19:29:47","date_gmt":"2026-03-15T19:29:47","guid":{"rendered":"https:\/\/deraizdental.es\/?page_id=2"},"modified":"2026-04-07T19:14:18","modified_gmt":"2026-04-07T19:14:18","slug":"sample-page","status":"publish","type":"page","link":"https:\/\/deraizdental.es\/","title":{"rendered":"M\u00e9todo De Raiz"},"content":{"rendered":"<section class=\"oxy-container-2-103 oxy-container\"><div class=\"bde-video-2-104 bde-video\">\n<div class=\"ee-video-container\">\n            <video class=\"ee-video\" src=\"https:\/\/deraizdental.es\/wp-content\/uploads\/2026\/04\/555.mp4\"\n               autoplay='true'                                                loop='true'                muted='true'                controlsList=\"nodownload\"                playsinline\n        >\n        <\/video>\n    \n    <\/div>\n\n<\/div><div class=\"bde-video-2-110 bde-video\">\n<div class=\"ee-video-container\">\n            <video class=\"ee-video\" src=\"https:\/\/deraizdental.es\/wp-content\/uploads\/2026\/04\/333.mp4\"\n               autoplay='true'                                                loop='true'                muted='true'                controlsList=\"nodownload\"                playsinline\n        >\n        <\/video>\n    \n    <\/div>\n\n<\/div><div class=\"bde-video-2-109 bde-video\">\n<div class=\"ee-video-container\">\n            <video class=\"ee-video\" src=\"https:\/\/deraizdental.es\/wp-content\/uploads\/2026\/04\/4444.mp4\"\n               autoplay='true'                                                loop='true'                muted='true'                controlsList=\"nodownload\"                playsinline\n        >\n        <\/video>\n    \n    <\/div>\n\n<\/div><div class=\"oxy-container-2-106 oxy-container container-2\"><div class=\"oxy-rich-text-2-112 oxy-rich-text rich-text-1\">\n<p>No hay crecimiento sin revoluci\u00f3n\u00a0<\/p>\n<p style=\"color: red;\"><strong>M\u00c9TODO DE RAIZ<\/strong><\/p>\n<h2>Te hacemos crecer desde dentro<\/h2>\n<p>11 A\u00f1os trabajando en la sombra.<\/p>\n<p>Muy pronto daremos el salto.<\/p>\n<p>No te lo pierdas.<\/p>\n<\/div><\/div><\/section>","protected":false},"excerpt":{"rendered":"<p>No hay crecimiento sin revoluci\u00f3n\u00a0 M\u00c9TODO DE RAIZ Te hacemos crecer desde dentro 11 A\u00f1os trabajando en la sombra. Muy pronto daremos el salto. No te lo pierdas.<\/p>\n","protected":false},"author":1,"featured_media":0,"parent":0,"menu_order":0,"comment_status":"closed","ping_status":"closed","template":"","meta":{"_oxygen_hide_in_design_set":false,"_oxygen_tags":"","footnotes":""},"class_list":["post-2","page","type-page","status-publish","hentry"],"yoast_head":"<!-- This site is optimized with the Yoast SEO Premium plugin v22.3 (Yoast SEO v27.2) - https:\/\/yoast.com\/product\/yoast-seo-premium-wordpress\/ -->\n<title>M\u00e9todo De Raiz - Revoluciona tu clinica<\/title>\n<meta name=\"robots\" content=\"index, follow, max-snippet:-1, max-image-preview:large, max-video-preview:-1\" \/>\n<link rel=\"canonical\" href=\"https:\/\/deraizdental.es\/\" \/>\n<meta property=\"og:locale\" content=\"es_ES\" \/>\n<meta property=\"og:type\" content=\"article\" \/>\n<meta property=\"og:title\" content=\"M\u00e9todo De Raiz\" \/>\n<meta property=\"og:description\" content=\"No hay crecimiento sin revoluci\u00f3n\u00a0 M\u00c9TODO DE RAIZ Te hacemos crecer desde dentro 11 A\u00f1os trabajando en la sombra. Muy pronto daremos el salto. No te lo pierdas.\" \/>\n<meta property=\"og:url\" content=\"https:\/\/deraizdental.es\/\" \/>\n<meta property=\"og:site_name\" content=\"Revoluciona tu clinica\" \/>\n<meta property=\"article:modified_time\" content=\"2026-04-07T19:14:18+00:00\" \/>\n<meta property=\"og:image\" content=\"https:\/\/deraizdental.es\/wp-content\/uploads\/2026\/03\/draiz.jpg\" \/>\n\t<meta property=\"og:image:width\" content=\"640\" \/>\n\t<meta property=\"og:image:height\" content=\"640\" \/>\n\t<meta property=\"og:image:type\" content=\"image\/jpeg\" \/>\n<meta name=\"twitter:card\" content=\"summary_large_image\" \/>\n<meta name=\"twitter:label1\" content=\"Tiempo de lectura\" \/>\n\t<meta name=\"twitter:data1\" content=\"1 minuto\" \/>\n<script type=\"application\/ld+json\" class=\"yoast-schema-graph\">{\"@context\":\"https:\/\/schema.org\",\"@graph\":[{\"@type\":\"WebPage\",\"@id\":\"https:\/\/deraizdental.es\/\",\"url\":\"https:\/\/deraizdental.es\/\",\"name\":\"M\u00e9todo De Raiz - Revoluciona tu clinica\",\"isPartOf\":{\"@id\":\"https:\/\/deraizdental.es\/#website\"},\"datePublished\":\"2026-03-15T19:29:47+00:00\",\"dateModified\":\"2026-04-07T19:14:18+00:00\",\"breadcrumb\":{\"@id\":\"https:\/\/deraizdental.es\/#breadcrumb\"},\"inLanguage\":\"es\",\"potentialAction\":[{\"@type\":\"ReadAction\",\"target\":[\"https:\/\/deraizdental.es\/\"]}]},{\"@type\":\"BreadcrumbList\",\"@id\":\"https:\/\/deraizdental.es\/#breadcrumb\",\"itemListElement\":[{\"@type\":\"ListItem\",\"position\":1,\"name\":\"Portada\",\"item\":\"https:\/\/deraizdental.es\/\"},{\"@type\":\"ListItem\",\"position\":2,\"name\":\"M\u00e9todo De Raiz\"}]},{\"@type\":\"WebSite\",\"@id\":\"https:\/\/deraizdental.es\/#website\",\"url\":\"https:\/\/deraizdental.es\/\",\"name\":\"M\u00e9todo de DeRa\u00edz para cl\u00ednicas dentales\",\"description\":\"Incrementa tus resultados con nuestro m\u00e9todo DeRaiz\",\"publisher\":{\"@id\":\"https:\/\/deraizdental.es\/#organization\"},\"alternateName\":\"Te acompa\u00f1amos en el crecimiento de tu cl\u00ednica\",\"potentialAction\":[{\"@type\":\"SearchAction\",\"target\":{\"@type\":\"EntryPoint\",\"urlTemplate\":\"https:\/\/deraizdental.es\/?s={search_term_string}\"},\"query-input\":{\"@type\":\"PropertyValueSpecification\",\"valueRequired\":true,\"valueName\":\"search_term_string\"}}],\"inLanguage\":\"es\"},{\"@type\":\"Organization\",\"@id\":\"https:\/\/deraizdental.es\/#organization\",\"name\":\"Revoluciona tu clinica\",\"url\":\"https:\/\/deraizdental.es\/\",\"logo\":{\"@type\":\"ImageObject\",\"inLanguage\":\"es\",\"@id\":\"https:\/\/deraizdental.es\/#\/schema\/logo\/image\/\",\"url\":\"https:\/\/deraizdental.es\/wp-content\/uploads\/2026\/03\/draiz.jpg\",\"contentUrl\":\"https:\/\/deraizdental.es\/wp-content\/uploads\/2026\/03\/draiz.jpg\",\"width\":640,\"height\":640,\"caption\":\"Revoluciona tu clinica\"},\"image\":{\"@id\":\"https:\/\/deraizdental.es\/#\/schema\/logo\/image\/\"}}]}<\/script>\n<!-- \/ Yoast SEO Premium plugin. -->","yoast_head_json":{"title":"M\u00e9todo De Raiz - Revoluciona tu clinica","robots":{"index":"index","follow":"follow","max-snippet":"max-snippet:-1","max-image-preview":"max-image-preview:large","max-video-preview":"max-video-preview:-1"},"canonical":"https:\/\/deraizdental.es\/","og_locale":"es_ES","og_type":"article","og_title":"M\u00e9todo De Raiz","og_description":"No hay crecimiento sin revoluci\u00f3n\u00a0 M\u00c9TODO DE RAIZ Te hacemos crecer desde dentro 11 A\u00f1os trabajando en la sombra. Muy pronto daremos el salto. No te lo pierdas.","og_url":"https:\/\/deraizdental.es\/","og_site_name":"Revoluciona tu clinica","article_modified_time":"2026-04-07T19:14:18+00:00","og_image":[{"width":640,"height":640,"url":"https:\/\/deraizdental.es\/wp-content\/uploads\/2026\/03\/draiz.jpg","type":"image\/jpeg"}],"twitter_card":"summary_large_image","twitter_misc":{"Tiempo de lectura":"1 minuto"},"schema":{"@context":"https:\/\/schema.org","@graph":[{"@type":"WebPage","@id":"https:\/\/deraizdental.es\/","url":"https:\/\/deraizdental.es\/","name":"M\u00e9todo De Raiz - Revoluciona tu clinica","isPartOf":{"@id":"https:\/\/deraizdental.es\/#website"},"datePublished":"2026-03-15T19:29:47+00:00","dateModified":"2026-04-07T19:14:18+00:00","breadcrumb":{"@id":"https:\/\/deraizdental.es\/#breadcrumb"},"inLanguage":"es","potentialAction":[{"@type":"ReadAction","target":["https:\/\/deraizdental.es\/"]}]},{"@type":"BreadcrumbList","@id":"https:\/\/deraizdental.es\/#breadcrumb","itemListElement":[{"@type":"ListItem","position":1,"name":"Portada","item":"https:\/\/deraizdental.es\/"},{"@type":"ListItem","position":2,"name":"M\u00e9todo De Raiz"}]},{"@type":"WebSite","@id":"https:\/\/deraizdental.es\/#website","url":"https:\/\/deraizdental.es\/","name":"M\u00e9todo de DeRa\u00edz para cl\u00ednicas dentales","description":"Incrementa tus resultados con nuestro m\u00e9todo DeRaiz","publisher":{"@id":"https:\/\/deraizdental.es\/#organization"},"alternateName":"Te acompa\u00f1amos en el crecimiento de tu cl\u00ednica","potentialAction":[{"@type":"SearchAction","target":{"@type":"EntryPoint","urlTemplate":"https:\/\/deraizdental.es\/?s={search_term_string}"},"query-input":{"@type":"PropertyValueSpecification","valueRequired":true,"valueName":"search_term_string"}}],"inLanguage":"es"},{"@type":"Organization","@id":"https:\/\/deraizdental.es\/#organization","name":"Revoluciona tu clinica","url":"https:\/\/deraizdental.es\/","logo":{"@type":"ImageObject","inLanguage":"es","@id":"https:\/\/deraizdental.es\/#\/schema\/logo\/image\/","url":"https:\/\/deraizdental.es\/wp-content\/uploads\/2026\/03\/draiz.jpg","contentUrl":"https:\/\/deraizdental.es\/wp-content\/uploads\/2026\/03\/draiz.jpg","width":640,"height":640,"caption":"Revoluciona tu clinica"},"image":{"@id":"https:\/\/deraizdental.es\/#\/schema\/logo\/image\/"}}]}},"_links":{"self":[{"href":"https:\/\/deraizdental.es\/index.php?rest_route=\/wp\/v2\/pages\/2","targetHints":{"allow":["GET"]}}],"collection":[{"href":"https:\/\/deraizdental.es\/index.php?rest_route=\/wp\/v2\/pages"}],"about":[{"href":"https:\/\/deraizdental.es\/index.php?rest_route=\/wp\/v2\/types\/page"}],"author":[{"embeddable":true,"href":"https:\/\/deraizdental.es\/index.php?rest_route=\/wp\/v2\/users\/1"}],"replies":[{"embeddable":true,"href":"https:\/\/deraizdental.es\/index.php?rest_route=%2Fwp%2Fv2%2Fcomments&post=2"}],"version-history":[{"count":19,"href":"https:\/\/deraizdental.es\/index.php?rest_route=\/wp\/v2\/pages\/2\/revisions"}],"predecessor-version":[{"id":47,"href":"https:\/\/deraizdental.es\/index.php?rest_route=\/wp\/v2\/pages\/2\/revisions\/47"}],"wp:attachment":[{"href":"https:\/\/deraizdental.es\/index.php?rest_route=%2Fwp%2Fv2%2Fmedia&parent=2"}],"curies":[{"name":"wp","href":"https:\/\/api.w.org\/{rel}","templated":true}]}}